{"id":3,"date":"2020-11-16T10:39:18","date_gmt":"2020-11-16T09:39:18","guid":{"rendered":"http:\/\/imu2pro.com\/?page_id=3"},"modified":"2021-03-02T10:58:25","modified_gmt":"2021-03-02T09:58:25","slug":"politique-de-confidentialite","status":"publish","type":"page","link":"https:\/\/www.imupro2.com\/index.php\/politique-de-confidentialite\/","title":{"rendered":"Politique de confidentialit\u00e9"},"content":{"rendered":"<p>[et_pb_section fb_built=\u00a0\u00bb1&Prime; admin_label=\u00a0\u00bbAbout\u00a0\u00bb _builder_version=\u00a0\u00bb4.9.0&Prime; background_color=\u00a0\u00bbRGBA(0,0,0,0)\u00a0\u00bb custom_margin=\u00a0\u00bb0px||||false|false\u00a0\u00bb custom_padding=\u00a0\u00bb1px||77px|||\u00a0\u00bb hover_enabled=\u00a0\u00bb0&Prime; min_height=\u00a0\u00bb2222.8px\u00a0\u00bb sticky_enabled=\u00a0\u00bb0&Prime;][et_pb_row custom_padding_last_edited=\u00a0\u00bbon|phone\u00a0\u00bb _builder_version=\u00a0\u00bb3.25&Prime; custom_padding=\u00a0\u00bb|8vw||8vw\u00a0\u00bb custom_padding_tablet=\u00a0\u00bb|0vw||0vw||false\u00a0\u00bb custom_padding_phone=\u00a0\u00bb|0vw||0vw||true\u00a0\u00bb locked=\u00a0\u00bboff\u00a0\u00bb][et_pb_column type=\u00a0\u00bb4_4&Prime; _builder_version=\u00a0\u00bb3.25&Prime; custom_padding=\u00a0\u00bb|||\u00a0\u00bb custom_padding__hover=\u00a0\u00bb|||\u00a0\u00bb][et_pb_text _builder_version=\u00a0\u00bb4.9.0&Prime; text_font=\u00a0\u00bb||||||||\u00a0\u00bb header_font=\u00a0\u00bb||||||||\u00a0\u00bb header_2_font=\u00a0\u00bbMontserrat|800||on|||||\u00a0\u00bb header_2_text_color=\u00a0\u00bb#000000&Prime; header_2_font_size=\u00a0\u00bb60px\u00a0\u00bb header_2_line_height=\u00a0\u00bb1.2em\u00a0\u00bb text_orientation=\u00a0\u00bbcenter\u00a0\u00bb module_alignment=\u00a0\u00bbright\u00a0\u00bb header_2_font_size_tablet=\u00a0\u00bb40px\u00a0\u00bb header_2_font_size_phone=\u00a0\u00bb25px\u00a0\u00bb header_2_font_size_last_edited=\u00a0\u00bbon|desktop\u00a0\u00bb locked=\u00a0\u00bboff\u00a0\u00bb]<\/p>\n<h1><span color=\"#007cba\" style=\"color: #007cba;\"><span style=\"font-size: 32px;\"><b>Informations l\u00e9gales<\/b><\/span><\/span><\/h1>\n<p>[\/et_pb_text][et_pb_divider color=\u00a0\u00bb#E09900&Prime; _builder_version=\u00a0\u00bb4.9.0&Prime; _module_preset=\u00a0\u00bbdefault\u00a0\u00bb][\/et_pb_divider][et_pb_text _builder_version=\u00a0\u00bb4.9.0&Prime; _module_preset=\u00a0\u00bbdefault\u00a0\u00bb hover_enabled=\u00a0\u00bb0&Prime; sticky_enabled=\u00a0\u00bb0&Prime;]<\/p>\n<p style=\"text-align: justify;\"><strong><\/strong><\/p>\n<p><strong style=\"font-size: 14px; text-align: justify;\">CONDITIONS D\u2019UTILISATION<\/strong><\/p>\n<p>&nbsp;<\/p>\n<p style=\"text-align: justify;\"><span>L\u2019acc\u00e8s au site Web www.imupro2.com garantit \u00e0 quiconque s\u2019y introduisant le statut d\u2019utilisateur et indique l\u2019acceptation totale par l\u2019UTILISATEUR, sans r\u00e9serve, de chacune et de toutes les conditions d\u2019utilisation actuelles, sans pr\u00e9judice des conditions particuli\u00e8res, et est n\u00e9cessaire de lire dans le cas o\u00f9 l\u2019UTILISATEUR souhaite contracter l\u2019un des produits et services offerts.<\/span><\/p>\n<p>&nbsp;<\/p>\n<p style=\"text-align: justify;\"><span>Le site www.imupro2.com fournit \u00e0 l\u2019utilisateur des informations diverses mises \u00e0 disposition par IMUPRO-2. IMUPRO-2 garantit la s\u00e9curit\u00e9 et la confidentialit\u00e9 des donn\u00e9es facilit\u00e9es par chaque UTILISATEUR, conform\u00e9ment aux dispositions de la loi 67\/98 du 26 octobre sur la protection des donn\u00e9es de nature personnelle et selon l\u2019engagement qu\u2019elle acquiert en application de la politique de confidentialit\u00e9. (Pour en savoir plus visitez \u201cPolitique de confidentialit\u00e9\u201d<\/span><span>)<\/span><\/p>\n<p>&nbsp;<\/p>\n<p style=\"text-align: justify;\"><strong>PROPRI\u00c9T\u00c9 INTELLECTUELLE ET INDUSTRIELLE<\/strong><\/p>\n<p style=\"text-align: justify;\"><span>Les droits de propri\u00e9t\u00e9 intellectuelle et industrielle contenus dans les pages Web de www.imupro2.com, la conception graphique et les codes informatiques de ceux-ci, ainsi que les marques, marques associ\u00e9es et signes distinctifs sont la propri\u00e9t\u00e9 de\u00a0IMUPRO-2, \u00e0 moins qu\u2019il n\u2019y ait mentionn\u00e9 qu\u2019ils appartiennent \u00e0 un autre titulaire.<\/span><\/p>\n<p>&nbsp;<\/p>\n<p style=\"text-align: justify;\"><span>Toute reproduction, distribution, commercialisation ou transformation des contenus qui n\u2019ont pas \u00e9t\u00e9 sp\u00e9cifiquement autoris\u00e9s par ses titulaires constitue une atteinte aux droits de propri\u00e9t\u00e9 intellectuelle et industrielle prot\u00e9g\u00e9s par la loi. Les informations fournies sont destin\u00e9es uniquement \u00e0 des informations priv\u00e9es et ne comprennent pas de garanties ou de conditions exhaustives. Il est sujet \u00e0 changement sans pr\u00e9avis tant sur le plan technique que commercial.\u00a0<\/span><span>En raison de ces termes non exhaustifs, toute responsabilit\u00e9 pour l\u2019exactitude de l\u2019information est exclue.<\/span><\/p>\n<p>&nbsp;<\/p>\n<p style=\"text-align: justify;\"><strong>CONTENU ET UTILISATION CORRECTE<\/strong><\/p>\n<p style=\"text-align: justify;\"><span>Habitat R\u00e9f\u00e9rence\u00a0garantit que tous les contenus et services propos\u00e9s dans www.imupro2.com respectent le principe de la dignit\u00e9 personnelle, le principe de non-discrimination pour des raisons de race, de sexe, de religion, d\u2019opinion, de nationalit\u00e9, d\u2019handicap ou de toute autre condition personnelle et sociale, ainsi que le principe de protection des enfants et des jeunes.<\/span><\/p>\n<p>&nbsp;<\/p>\n<p style=\"text-align: justify;\"><span>En outre, l\u2019utilisateur s\u2019engage \u00e0 utiliser correctement les contenus et les services de www.imupro2.com qui ne peuvent jamais \u00eatre utilis\u00e9s pour des activit\u00e9s illicites ou celles qui pourraient \u00eatre contraires \u00e0 l\u2019ordre public, \u00e0 la d\u00e9fense nationale ou \u00e0 la sant\u00e9 publique. Toute utilisation par l\u2019UTILISATEUR des contenus et des services doit respecter les principes indiqu\u00e9s dans le paragraphe pr\u00e9c\u00e9dent<\/span><span>.<\/span><\/p>\n<p>&nbsp;<\/p>\n<p style=\"text-align: justify;\"><strong>LIENS<\/strong><\/p>\n<p style=\"text-align: justify;\"><span>Sur le site Web de\u00a0IMUPRO-2, l\u2019UTILISATEUR peut trouver des liens vers d\u2019autres sites Web, si l\u2019UTILISATEUR clique sur un lien vers un site tiers, ils quitteront le site de\u00a0Habitat R\u00e9f\u00e9rence.\u00a0IMUPRO-2 n\u2019est pas responsable du contenu de ces sites et ne peut \u00eatre tenu responsable de ces derniers. Ces sites externes pourraient \u00e9galement contenir des droits d\u2019auteur.\u00a0IMUPRO-2\u00a0 invite l\u2019UTILISATEUR \u00e0 lire attentivement les informations sur l\u2019information l\u00e9gale et la politique de confidentialit\u00e9 de tout autre fournisseur de services aupr\u00e8s duquel ils peuvent demander des services. Si l\u2019UTILISATEUR visite un site Web tiers li\u00e9 \u00e0 celui de\u00a0IMUPRO-2, il doit lire la D\u00e9claration de confidentialit\u00e9 de ce site avant de fournir des informations personnelles.<\/span><\/p>\n<p>&nbsp;<\/p>\n<p style=\"text-align: justify;\"><strong>EXCLUSION DES GARANTIES ET RESPONSABILITES<\/strong><\/p>\n<p style=\"text-align: justify;\"><span>L\u2019acc\u00e8s et l\u2019utilisation des pages www.imupro2.com sera effectu\u00e9 sous la responsabilit\u00e9 exclusive de l\u2019UTILISATEUR.<br \/> IMUPRO-2 ne garantit ni n\u2019accepte la responsabilit\u00e9 des dommages et cons\u00e9quences pr\u00e9judiciables de quelque nature que ce soit en raison des circonstances suivantes:<\/span><\/p>\n<p>&nbsp;<\/p>\n<p style=\"text-align: justify;\"><span>. Le manque de continuit\u00e9 dans le fonctionnement de www.imupro2.com, et le dysfonctionnement des pages Web;<\/span><\/p>\n<p style=\"text-align: justify;\"><span>. Le manque d\u2019utilit\u00e9, d\u2019adaptation ou de validit\u00e9 des services et contenus offerts sur www.imupro2.com concernant les r\u00e9sultats et les attentes de l\u2019UTILISATEUR;<\/span><\/p>\n<p style=\"text-align: justify;\"><span>. La pr\u00e9sence de virus ou de programmes dans l\u2019ordinateur de l\u2019UTILISATEUR ou par la pr\u00e9sence de virus dans les services rendus par des tiers via www.imupro2.com<\/span><span>.<\/span><\/p>\n<p>&nbsp;<\/p>\n<p style=\"text-align: justify;\"><strong>JURIDICTION APPLICABLE ET LEGISLATION<\/strong><\/p>\n<p style=\"text-align: justify;\"><span>Les pr\u00e9sentes conditions d\u2019utilisation seront r\u00e9gies par les dispositions pr\u00e9vues par la loi. En cas de divergence ou de diff\u00e9rend d\u00e9coulant de l\u2019interpr\u00e9tation ou de l\u2019application des pr\u00e9sentes conditions d\u2019utilisation ou du contenu de la page Web, en g\u00e9n\u00e9ral,\u00a0IMUPRO-2 et l\u2019UTILISATEUR, avec renonciation expresse \u00e0 toute autre juridiction qui pourrait leur correspondre, se soumettront \u00e0 la juridiction des autorit\u00e9s comp\u00e9tentes<\/span><span>.<\/span><\/p>\n<p>&nbsp;<\/p>\n<p style=\"text-align: justify;\"><strong>AVERTISSEMENT L\u00c9GAL<\/strong><\/p>\n<p style=\"text-align: justify;\"><span>IMUPRO-2 se r\u00e9serve le droit de divulguer les informations personnelles requises par la loi lorsque cette divulgation est n\u00e9cessaire pour prot\u00e9ger les droits de l\u2019entreprise ou pour se conformer \u00e0 une proc\u00e9dure judiciaire, une ordonnance judiciaire ou une proc\u00e9dure l\u00e9gale sur son site. Malgr\u00e9 sa mise \u00e0 jour et son contr\u00f4le,\u00a0IMUPRO-2 ne peut garantir que l\u2019information fournie sur son site soit compl\u00e8te, correcte et \u00e0 jour dans tous les cas.\u00a0IMUPRO-2<\/span><span>\u00a0d\u00e9cline toute responsabilit\u00e9 pour les dommages directs ou indirects, y compris la perte de revenus, r\u00e9sultant ou li\u00e9s aux informations fournies sur ses sites Web.<\/span><\/p>\n<p>&nbsp;<\/p>\n<p>[\/et_pb_text][et_pb_divider color=\u00a0\u00bb#E09900&Prime; _builder_version=\u00a0\u00bb4.9.0&Prime; _module_preset=\u00a0\u00bbdefault\u00a0\u00bb][\/et_pb_divider][\/et_pb_column][\/et_pb_row][\/et_pb_section]<\/p>\n","protected":false},"excerpt":{"rendered":"<p>[et_pb_section fb_built=\u00a0\u00bb1&Prime; admin_label=\u00a0\u00bbAbout\u00a0\u00bb _builder_version=\u00a0\u00bb4.9.0&Prime; background_color=\u00a0\u00bbRGBA(0,0,0,0)\u00a0\u00bb custom_margin=\u00a0\u00bb0px||||false|false\u00a0\u00bb custom_padding=\u00a0\u00bb1px||77px|||\u00a0\u00bb hover_enabled=\u00a0\u00bb0&Prime; min_height=\u00a0\u00bb2222.8px\u00a0\u00bb sticky_enabled=\u00a0\u00bb0&Prime;][et_pb_row custom_padding_last_edited=\u00a0\u00bbon|phone\u00a0\u00bb _builder_version=\u00a0\u00bb3.25&Prime; custom_padding=\u00a0\u00bb|8vw||8vw\u00a0\u00bb custom_padding_tablet=\u00a0\u00bb|0vw||0vw||false\u00a0\u00bb custom_padding_phone=\u00a0\u00bb|0vw||0vw||true\u00a0\u00bb locked=\u00a0\u00bboff\u00a0\u00bb][et_pb_column type=\u00a0\u00bb4_4&Prime; _builder_version=\u00a0\u00bb3.25&Prime; custom_padding=\u00a0\u00bb|||\u00a0\u00bb custom_padding__hover=\u00a0\u00bb|||\u00a0\u00bb][et_pb_text _builder_version=\u00a0\u00bb4.9.0&Prime; text_font=\u00a0\u00bb||||||||\u00a0\u00bb header_font=\u00a0\u00bb||||||||\u00a0\u00bb header_2_font=\u00a0\u00bbMontserrat|800||on|||||\u00a0\u00bb header_2_text_color=\u00a0\u00bb#000000&Prime; header_2_font_size=\u00a0\u00bb60px\u00a0\u00bb header_2_line_height=\u00a0\u00bb1.2em\u00a0\u00bb text_orientation=\u00a0\u00bbcenter\u00a0\u00bb module_alignment=\u00a0\u00bbright\u00a0\u00bb header_2_font_size_tablet=\u00a0\u00bb40px\u00a0\u00bb header_2_font_size_phone=\u00a0\u00bb25px\u00a0\u00bb header_2_font_size_last_edited=\u00a0\u00bbon|desktop\u00a0\u00bb locked=\u00a0\u00bboff\u00a0\u00bb] Informations l\u00e9gales [\/et_pb_text][et_pb_divider color=\u00a0\u00bb#E09900&Prime; _builder_version=\u00a0\u00bb4.9.0&Prime; _module_preset=\u00a0\u00bbdefault\u00a0\u00bb][\/et_pb_divider][et_pb_text _builder_version=\u00a0\u00bb4.9.0&Prime; _module_preset=\u00a0\u00bbdefault\u00a0\u00bb hover_enabled=\u00a0\u00bb0&Prime; sticky_enabled=\u00a0\u00bb0&Prime;] CONDITIONS D\u2019UTILISATION &nbsp; L\u2019acc\u00e8s au site Web www.imupro2.com garantit \u00e0 quiconque s\u2019y [&hellip;]<\/p>\n","protected":false},"author":1,"featured_media":0,"parent":0,"menu_order":0,"comment_status":"closed","ping_status":"open","template":"","meta":{"_et_pb_use_builder":"on","_et_pb_old_content":"<!-- wp:heading --><h2>Qui sommes-nous\u00a0?<\/h2><!-- \/wp:heading --><!-- wp:paragraph --><p>L\u2019adresse de notre site Web est\u00a0: http:\/\/imu2pro.com.<\/p><!-- \/wp:paragraph --><!-- wp:heading --><h2>Utilisation des donn\u00e9es personnelles collect\u00e9es<\/h2><!-- \/wp:heading --><!-- wp:heading {\"level\":3} --><h3>Commentaires<\/h3><!-- \/wp:heading --><!-- wp:paragraph --><p>Quand vous laissez un commentaire sur notre site web, les donn\u00e9es inscrites dans le formulaire de commentaire, mais aussi votre adresse IP et l\u2019agent utilisateur de votre navigateur sont collect\u00e9s pour nous aider \u00e0 la d\u00e9tection des commentaires ind\u00e9sirables.<\/p><!-- \/wp:paragraph --><!-- wp:paragraph --><p>Une cha\u00eene anonymis\u00e9e cr\u00e9\u00e9e \u00e0 partir de votre adresse de messagerie (\u00e9galement appel\u00e9e hash) peut \u00eatre envoy\u00e9e au service Gravatar pour v\u00e9rifier si vous utilisez ce dernier. Les clauses de confidentialit\u00e9 du service Gravatar sont disponibles ici\u00a0: https:\/\/automattic.com\/privacy\/. Apr\u00e8s validation de votre commentaire, votre photo de profil sera visible publiquement \u00e0 cot\u00e9 de votre commentaire.<\/p><!-- \/wp:paragraph --><!-- wp:heading {\"level\":3} --><h3>M\u00e9dias<\/h3><!-- \/wp:heading --><!-- wp:paragraph --><p>Si vous \u00eates un utilisateur ou une utilisatrice enregistr\u00e9\u00b7e et que vous t\u00e9l\u00e9versez des images sur le site web, nous vous conseillons d\u2019\u00e9viter de t\u00e9l\u00e9verser des images contenant des donn\u00e9es EXIF de coordonn\u00e9es GPS. Les visiteurs de votre site web peuvent t\u00e9l\u00e9charger et extraire des donn\u00e9es de localisation depuis ces images.<\/p><!-- \/wp:paragraph --><!-- wp:heading {\"level\":3} --><h3>Formulaires de contact<\/h3><!-- \/wp:heading --><!-- wp:heading {\"level\":3} --><h3>Cookies<\/h3><!-- \/wp:heading --><!-- wp:paragraph --><p>Si vous d\u00e9posez un commentaire sur notre site, il vous sera propos\u00e9 d\u2019enregistrer votre nom, adresse de messagerie et site web dans des cookies. C\u2019est uniquement pour votre confort afin de ne pas avoir \u00e0 saisir ces informations si vous d\u00e9posez un autre commentaire plus tard. Ces cookies expirent au bout d\u2019un an.<\/p><!-- \/wp:paragraph --><!-- wp:paragraph --><p>Si vous vous rendez sur la page de connexion, un cookie temporaire sera cr\u00e9\u00e9 afin de d\u00e9terminer si votre navigateur accepte les cookies. Il ne contient pas de donn\u00e9es personnelles et sera supprim\u00e9 automatiquement \u00e0 la fermeture de votre navigateur.<\/p><!-- \/wp:paragraph --><!-- wp:paragraph --><p>Lorsque vous vous connecterez, nous mettrons en place un certain nombre de cookies pour enregistrer vos informations de connexion et vos pr\u00e9f\u00e9rences d\u2019\u00e9cran. La dur\u00e9e de vie d\u2019un cookie de connexion est de deux jours, celle d\u2019un cookie d\u2019option d\u2019\u00e9cran est d\u2019un an. Si vous cochez \u00ab\u00a0Se souvenir de moi\u00a0\u00bb, votre cookie de connexion sera conserv\u00e9 pendant deux semaines. Si vous vous d\u00e9connectez de votre compte, le cookie de connexion sera effac\u00e9.<\/p><!-- \/wp:paragraph --><!-- wp:paragraph --><p>En modifiant ou en publiant une publication, un cookie suppl\u00e9mentaire sera enregistr\u00e9 dans votre navigateur. Ce cookie ne comprend aucune donn\u00e9e personnelle. Il indique simplement l\u2019ID de la publication que vous venez de modifier. Il expire au bout d\u2019un jour.<\/p><!-- \/wp:paragraph --><!-- wp:heading {\"level\":3} --><h3>Contenu embarqu\u00e9 depuis d\u2019autres sites<\/h3><!-- \/wp:heading --><!-- wp:paragraph --><p>Les articles de ce site peuvent inclure des contenus int\u00e9gr\u00e9s (par exemple des vid\u00e9os, images, articles\u2026). Le contenu int\u00e9gr\u00e9 depuis d\u2019autres sites se comporte de la m\u00eame mani\u00e8re que si le visiteur se rendait sur cet autre site.<\/p><!-- \/wp:paragraph --><!-- wp:paragraph --><p>Ces sites web pourraient collecter des donn\u00e9es sur vous, utiliser des cookies, embarquer des outils de suivis tiers, suivre vos interactions avec ces contenus embarqu\u00e9s si vous disposez d\u2019un compte connect\u00e9 sur leur site web.<\/p><!-- \/wp:paragraph --><!-- wp:heading {\"level\":3} --><h3>Statistiques et mesures d\u2019audience<\/h3><!-- \/wp:heading --><!-- wp:heading --><h2>Utilisation et transmission de vos donn\u00e9es personnelles<\/h2><!-- \/wp:heading --><!-- wp:heading --><h2>Dur\u00e9es de stockage de vos donn\u00e9es<\/h2><!-- \/wp:heading --><!-- wp:paragraph --><p>Si vous laissez un commentaire, le commentaire et ses m\u00e9tadonn\u00e9es sont conserv\u00e9s ind\u00e9finiment. Cela permet de reconna\u00eetre et approuver automatiquement les commentaires suivants au lieu de les laisser dans la file de mod\u00e9ration.<\/p><!-- \/wp:paragraph --><!-- wp:paragraph --><p>Pour les utilisateurs et utilisatrices qui s\u2019inscrivent sur notre site (si cela est possible), nous stockons \u00e9galement les donn\u00e9es personnelles indiqu\u00e9es dans leur profil. Tous les utilisateurs et utilisatrices peuvent voir, modifier ou supprimer leurs informations personnelles \u00e0 tout moment (\u00e0 l\u2019exception de leur nom d\u2019utilisateur\u00b7ice). Les gestionnaires du site peuvent aussi voir et modifier ces informations.<\/p><!-- \/wp:paragraph --><!-- wp:heading --><h2>Les droits que vous avez sur vos donn\u00e9es<\/h2><!-- \/wp:heading --><!-- wp:paragraph --><p>Si vous avez un compte ou si vous avez laiss\u00e9 des commentaires sur le site, vous pouvez demander \u00e0 recevoir un fichier contenant toutes les donn\u00e9es personnelles que nous poss\u00e9dons \u00e0 votre sujet, incluant celles que vous nous avez fournies. Vous pouvez \u00e9galement demander la suppression des donn\u00e9es personnelles vous concernant. Cela ne prend pas en compte les donn\u00e9es stock\u00e9es \u00e0 des fins administratives, l\u00e9gales ou pour des raisons de s\u00e9curit\u00e9.<\/p><!-- \/wp:paragraph --><!-- wp:heading --><h2>Transmission de vos donn\u00e9es personnelles<\/h2><!-- \/wp:heading --><!-- wp:paragraph --><p>Les commentaires des visiteurs peuvent \u00eatre v\u00e9rifi\u00e9s \u00e0 l\u2019aide d\u2019un service automatis\u00e9 de d\u00e9tection des commentaires ind\u00e9sirables.<\/p><!-- \/wp:paragraph --><!-- wp:heading --><h2>Informations de contact<\/h2><!-- \/wp:heading --><!-- wp:heading --><h2>Informations suppl\u00e9mentaires<\/h2><!-- \/wp:heading --><!-- wp:heading {\"level\":3} --><h3>Comment nous prot\u00e9geons vos donn\u00e9es<\/h3><!-- \/wp:heading --><!-- wp:heading {\"level\":3} --><h3>Proc\u00e9dures mises en \u0153uvre en cas de fuite de donn\u00e9es<\/h3><!-- \/wp:heading --><!-- wp:heading {\"level\":3} --><h3>Les services tiers qui nous transmettent des donn\u00e9es<\/h3><!-- \/wp:heading --><!-- wp:heading {\"level\":3} --><h3>Op\u00e9rations de marketing automatis\u00e9 et\/ou de profilage r\u00e9alis\u00e9es \u00e0 l\u2019aide des donn\u00e9es personnelles<\/h3><!-- \/wp:heading --><!-- wp:heading {\"level\":3} --><h3>Affichage des informations li\u00e9es aux secteurs soumis \u00e0 des r\u00e9gulations sp\u00e9cifiques<\/h3><!-- \/wp:heading -->","_et_gb_content_width":""},"yoast_head":"<!-- This site is optimized with the Yoast SEO plugin v15.8 - https:\/\/yoast.com\/wordpress\/plugins\/seo\/ -->\n<title>Politique de confidentialit\u00e9 - IMUPRO-2 - Boostez votre syst\u00e8me immunitaire<\/title>\n<meta name=\"robots\" content=\"index, follow, max-snippet:-1, max-image-preview:large, max-video-preview:-1\" \/>\n<link rel=\"canonical\" href=\"https:\/\/www.imupro2.com\/index.php\/politique-de-confidentialite\/\" \/>\n<meta property=\"og:locale\" content=\"fr_FR\" \/>\n<meta property=\"og:type\" content=\"article\" \/>\n<meta property=\"og:title\" content=\"Politique de confidentialit\u00e9 - IMUPRO-2 - Boostez votre syst\u00e8me immunitaire\" \/>\n<meta property=\"og:description\" content=\"[et_pb_section fb_built=\u00a0\u00bb1&Prime; admin_label=\u00a0\u00bbAbout\u00a0\u00bb _builder_version=\u00a0\u00bb4.9.0&Prime; background_color=\u00a0\u00bbRGBA(0,0,0,0)\u00a0\u00bb custom_margin=\u00a0\u00bb0px||||false|false\u00a0\u00bb custom_padding=\u00a0\u00bb1px||77px|||\u00a0\u00bb hover_enabled=\u00a0\u00bb0&Prime; min_height=\u00a0\u00bb2222.8px\u00a0\u00bb sticky_enabled=\u00a0\u00bb0&Prime;][et_pb_row custom_padding_last_edited=\u00a0\u00bbon|phone\u00a0\u00bb _builder_version=\u00a0\u00bb3.25&Prime; custom_padding=\u00a0\u00bb|8vw||8vw\u00a0\u00bb custom_padding_tablet=\u00a0\u00bb|0vw||0vw||false\u00a0\u00bb custom_padding_phone=\u00a0\u00bb|0vw||0vw||true\u00a0\u00bb locked=\u00a0\u00bboff\u00a0\u00bb][et_pb_column type=\u00a0\u00bb4_4&Prime; _builder_version=\u00a0\u00bb3.25&Prime; custom_padding=\u00a0\u00bb|||\u00a0\u00bb custom_padding__hover=\u00a0\u00bb|||\u00a0\u00bb][et_pb_text _builder_version=\u00a0\u00bb4.9.0&Prime; text_font=\u00a0\u00bb||||||||\u00a0\u00bb header_font=\u00a0\u00bb||||||||\u00a0\u00bb header_2_font=\u00a0\u00bbMontserrat|800||on|||||\u00a0\u00bb header_2_text_color=\u00a0\u00bb#000000&Prime; header_2_font_size=\u00a0\u00bb60px\u00a0\u00bb header_2_line_height=\u00a0\u00bb1.2em\u00a0\u00bb text_orientation=\u00a0\u00bbcenter\u00a0\u00bb module_alignment=\u00a0\u00bbright\u00a0\u00bb header_2_font_size_tablet=\u00a0\u00bb40px\u00a0\u00bb header_2_font_size_phone=\u00a0\u00bb25px\u00a0\u00bb header_2_font_size_last_edited=\u00a0\u00bbon|desktop\u00a0\u00bb locked=\u00a0\u00bboff\u00a0\u00bb] Informations l\u00e9gales [\/et_pb_text][et_pb_divider color=\u00a0\u00bb#E09900&Prime; _builder_version=\u00a0\u00bb4.9.0&Prime; _module_preset=\u00a0\u00bbdefault\u00a0\u00bb][\/et_pb_divider][et_pb_text _builder_version=\u00a0\u00bb4.9.0&Prime; _module_preset=\u00a0\u00bbdefault\u00a0\u00bb hover_enabled=\u00a0\u00bb0&Prime; sticky_enabled=\u00a0\u00bb0&Prime;] CONDITIONS D\u2019UTILISATION &nbsp; L\u2019acc\u00e8s au site Web www.imupro2.com garantit \u00e0 quiconque s\u2019y [&hellip;]\" \/>\n<meta property=\"og:url\" content=\"https:\/\/www.imupro2.com\/index.php\/politique-de-confidentialite\/\" \/>\n<meta property=\"og:site_name\" content=\"IMUPRO-2 - Boostez votre syst\u00e8me immunitaire\" \/>\n<meta property=\"article:modified_time\" content=\"2021-03-02T09:58:25+00:00\" \/>\n<meta name=\"twitter:card\" content=\"summary_large_image\" \/>\n<meta name=\"twitter:label1\" content=\"Dur\u00e9e de lecture est.\">\n\t<meta name=\"twitter:data1\" content=\"5 minutes\">\n<script type=\"application\/ld+json\" class=\"yoast-schema-graph\">{\"@context\":\"https:\/\/schema.org\",\"@graph\":[{\"@type\":\"WebSite\",\"@id\":\"https:\/\/www.imupro2.com\/#website\",\"url\":\"https:\/\/www.imupro2.com\/\",\"name\":\"IMUPRO-2 - Boostez votre syst\\u00e8me immunitaire\",\"description\":\"Compl\\u00e9ment alimentaire \\u00e0 base de propolis, plantes, pr\\u00eale, ginseng Sib\\u00e9rien, vitamine D3, vitamine C et ferments lactiques.\",\"potentialAction\":[{\"@type\":\"SearchAction\",\"target\":\"https:\/\/www.imupro2.com\/?s={search_term_string}\",\"query-input\":\"required name=search_term_string\"}],\"inLanguage\":\"fr-FR\"},{\"@type\":\"WebPage\",\"@id\":\"https:\/\/www.imupro2.com\/index.php\/politique-de-confidentialite\/#webpage\",\"url\":\"https:\/\/www.imupro2.com\/index.php\/politique-de-confidentialite\/\",\"name\":\"Politique de confidentialit\\u00e9 - IMUPRO-2 - Boostez votre syst\\u00e8me immunitaire\",\"isPartOf\":{\"@id\":\"https:\/\/www.imupro2.com\/#website\"},\"datePublished\":\"2020-11-16T09:39:18+00:00\",\"dateModified\":\"2021-03-02T09:58:25+00:00\",\"breadcrumb\":{\"@id\":\"https:\/\/www.imupro2.com\/index.php\/politique-de-confidentialite\/#breadcrumb\"},\"inLanguage\":\"fr-FR\",\"potentialAction\":[{\"@type\":\"ReadAction\",\"target\":[\"https:\/\/www.imupro2.com\/index.php\/politique-de-confidentialite\/\"]}]},{\"@type\":\"BreadcrumbList\",\"@id\":\"https:\/\/www.imupro2.com\/index.php\/politique-de-confidentialite\/#breadcrumb\",\"itemListElement\":[{\"@type\":\"ListItem\",\"position\":1,\"item\":{\"@type\":\"WebPage\",\"@id\":\"https:\/\/www.imupro2.com\/\",\"url\":\"https:\/\/www.imupro2.com\/\",\"name\":\"Accueil\"}},{\"@type\":\"ListItem\",\"position\":2,\"item\":{\"@type\":\"WebPage\",\"@id\":\"https:\/\/www.imupro2.com\/index.php\/politique-de-confidentialite\/\",\"url\":\"https:\/\/www.imupro2.com\/index.php\/politique-de-confidentialite\/\",\"name\":\"Politique de confidentialit\\u00e9\"}}]}]}<\/script>\n<!-- \/ Yoast SEO plugin. -->","_links":{"self":[{"href":"https:\/\/www.imupro2.com\/index.php\/wp-json\/wp\/v2\/pages\/3"}],"collection":[{"href":"https:\/\/www.imupro2.com\/index.php\/wp-json\/wp\/v2\/pages"}],"about":[{"href":"https:\/\/www.imupro2.com\/index.php\/wp-json\/wp\/v2\/types\/page"}],"author":[{"embeddable":true,"href":"https:\/\/www.imupro2.com\/index.php\/wp-json\/wp\/v2\/users\/1"}],"replies":[{"embeddable":true,"href":"https:\/\/www.imupro2.com\/index.php\/wp-json\/wp\/v2\/comments?post=3"}],"version-history":[{"count":2,"href":"https:\/\/www.imupro2.com\/index.php\/wp-json\/wp\/v2\/pages\/3\/revisions"}],"predecessor-version":[{"id":281,"href":"https:\/\/www.imupro2.com\/index.php\/wp-json\/wp\/v2\/pages\/3\/revisions\/281"}],"wp:attachment":[{"href":"https:\/\/www.imupro2.com\/index.php\/wp-json\/wp\/v2\/media?parent=3"}],"curies":[{"name":"wp","href":"https:\/\/api.w.org\/{rel}","templated":true}]}}