{"id":213,"date":"2021-02-23T14:52:19","date_gmt":"2021-02-23T13:52:19","guid":{"rendered":"http:\/\/www.imupro2.com\/index.php\/boutique\/"},"modified":"2021-03-23T08:35:19","modified_gmt":"2021-03-23T07:35:19","slug":"boutique","status":"publish","type":"page","link":"https:\/\/www.imupro2.com\/index.php\/boutique\/","title":{"rendered":"IMUPRO-2 BOUTIQUE"},"content":{"rendered":"<p>[et_pb_section fb_built=\u00a0\u00bb1&Prime; admin_label=\u00a0\u00bbAbout\u00a0\u00bb _builder_version=\u00a0\u00bb4.9.0&Prime; background_color=\u00a0\u00bbRGBA(0,0,0,0)\u00a0\u00bb background_enable_image=\u00a0\u00bboff\u00a0\u00bb min_height=\u00a0\u00bb671px\u00a0\u00bb custom_margin=\u00a0\u00bb||-148px|||\u00a0\u00bb custom_padding=\u00a0\u00bb2px|||||\u00a0\u00bb][et_pb_row _builder_version=\u00a0\u00bb4.9.0&Prime; _module_preset=\u00a0\u00bbdefault\u00a0\u00bb min_height=\u00a0\u00bb59px\u00a0\u00bb custom_padding=\u00a0\u00bb||92px|||\u00a0\u00bb][et_pb_column type=\u00a0\u00bb4_4&Prime; _builder_version=\u00a0\u00bb4.9.0&Prime; _module_preset=\u00a0\u00bbdefault\u00a0\u00bb][et_pb_text _builder_version=\u00a0\u00bb4.9.0&Prime; _module_preset=\u00a0\u00bbdefault\u00a0\u00bb custom_margin=\u00a0\u00bb39px||-24px|||\u00a0\u00bb hover_enabled=\u00a0\u00bb0&Prime; sticky_enabled=\u00a0\u00bb0&Prime; min_height=\u00a0\u00bb148px\u00a0\u00bb]<\/p>\n<h3 style=\"text-align: center;\"><strong>BOOSTEZ VOTRE SYSTEME IMMUNITAIRE AVEC IMUPRO-2<\/strong><\/h3>\n<p style=\"text-align: center;\">N&rsquo;attendez plus, commandez votre cure de un ou deux mois et boostez votre syst\u00e8me immunitaire avec IMUPRO-2<\/p>\n<p style=\"text-align: center;\">Commandez en toute confiance sur notre boutique s\u00e9curis\u00e9e<\/p>\n<p>[\/et_pb_text][et_pb_text _builder_version=\u00a0\u00bb4.9.0&Prime; _module_preset=\u00a0\u00bbdefault\u00a0\u00bb hover_enabled=\u00a0\u00bb0&Prime; sticky_enabled=\u00a0\u00bb0&Prime; min_height=\u00a0\u00bb19px\u00a0\u00bb custom_padding=\u00a0\u00bb||0px|||\u00a0\u00bb]<\/p>\n<h2>Boutique<\/h2>\n<h4>Frais de port offert \u00e0 partir de 40,00\u20ac\u00a0<\/h4>\n<p>[\/et_pb_text][\/et_pb_column][\/et_pb_row][et_pb_row _builder_version=\u00a0\u00bb4.9.0&Prime; _module_preset=\u00a0\u00bbdefault\u00a0\u00bb min_height=\u00a0\u00bb228.8px\u00a0\u00bb][et_pb_column type=\u00a0\u00bb4_4&Prime; _builder_version=\u00a0\u00bb4.9.0&Prime; _module_preset=\u00a0\u00bbdefault\u00a0\u00bb hover_enabled=\u00a0\u00bb0&Prime; sticky_enabled=\u00a0\u00bb0&Prime;][et_pb_shop _builder_version=\u00a0\u00bb4.9.0&Prime; _module_preset=\u00a0\u00bbdefault\u00a0\u00bb text_orientation=\u00a0\u00bbcenter\u00a0\u00bb border_radii_image=\u00a0\u00bbon|20px|20px|20px|20px\u00a0\u00bb box_shadow_style_image=\u00a0\u00bbpreset1&Prime;][\/et_pb_shop][\/et_pb_column][\/et_pb_row][\/et_pb_section][et_pb_section fb_built=\u00a0\u00bb1&Prime; admin_label=\u00a0\u00bbHeader\u00a0\u00bb _builder_version=\u00a0\u00bb4.9.0&Prime; background_color=\u00a0\u00bbRGBA(0,0,0,0)\u00a0\u00bb background_color_gradient_direction=\u00a0\u00bb124deg\u00a0\u00bb background_enable_image=\u00a0\u00bboff\u00a0\u00bb background_position=\u00a0\u00bbbottom_center\u00a0\u00bb max_height=\u00a0\u00bb497px\u00a0\u00bb custom_padding=\u00a0\u00bb0px||0px||false|false\u00a0\u00bb locked=\u00a0\u00bboff\u00a0\u00bb][et_pb_row _builder_version=\u00a0\u00bb4.9.0&Prime; _module_preset=\u00a0\u00bbdefault\u00a0\u00bb custom_padding=\u00a0\u00bb||3px|||\u00a0\u00bb][et_pb_column type=\u00a0\u00bb4_4&Prime; _builder_version=\u00a0\u00bb4.9.0&Prime; _module_preset=\u00a0\u00bbdefault\u00a0\u00bb][et_pb_text _builder_version=\u00a0\u00bb4.9.0&Prime; _module_preset=\u00a0\u00bbdefault\u00a0\u00bb custom_margin=\u00a0\u00bb||-24px|||\u00a0\u00bb hover_enabled=\u00a0\u00bb0&Prime; sticky_enabled=\u00a0\u00bb0&Prime;]<\/p>\n<h3 style=\"text-align: center;\"><strong>BOOSTEZ VOTRE SYSTEME IMMUNITAIRE EN TOUTE SECURITE<\/strong><\/h3>\n<p style=\"text-align: center;\">N&rsquo;attendez plus, commandez votre cure de un ou deux mois et boostez votre syst\u00e8me immunitaire avec IMUPRO-2<\/p>\n<p style=\"text-align: center;\">Commandez en toute confiance sur notre boutique s\u00e9curis\u00e9e<\/p>\n<p>[\/et_pb_text][\/et_pb_column][\/et_pb_row][et_pb_row column_structure=\u00a0\u00bb1_4,1_4,1_4,1_4&Prime; _builder_version=\u00a0\u00bb4.9.0&Prime; _module_preset=\u00a0\u00bbdefault\u00a0\u00bb][et_pb_column type=\u00a0\u00bb1_4&Prime; _builder_version=\u00a0\u00bb4.9.0&Prime; _module_preset=\u00a0\u00bbdefault\u00a0\u00bb][et_pb_image src=\u00a0\u00bbhttps:\/\/www.imupro2.com\/wp-content\/uploads\/2021\/03\/made-in-france-150&#215;150.jpg\u00a0\u00bb title_text=\u00a0\u00bbmade-in-france\u00a0\u00bb align=\u00a0\u00bbcenter\u00a0\u00bb _builder_version=\u00a0\u00bb4.9.0&Prime; _module_preset=\u00a0\u00bbdefault\u00a0\u00bb][\/et_pb_image][et_pb_text _builder_version=\u00a0\u00bb4.9.0&Prime; _module_preset=\u00a0\u00bbdefault\u00a0\u00bb]<\/p>\n<p style=\"text-align: center;\">Fabriqu\u00e9 en FRANCE<\/p>\n<p>[\/et_pb_text][\/et_pb_column][et_pb_column type=\u00a0\u00bb1_4&Prime; _builder_version=\u00a0\u00bb4.9.0&Prime; _module_preset=\u00a0\u00bbdefault\u00a0\u00bb][et_pb_image src=\u00a0\u00bbhttps:\/\/www.imupro2.com\/wp-content\/uploads\/2021\/03\/logo-gls-150&#215;150.jpg\u00a0\u00bb title_text=\u00a0\u00bblogo-gls\u00a0\u00bb align=\u00a0\u00bbcenter\u00a0\u00bb _builder_version=\u00a0\u00bb4.9.0&Prime; _module_preset=\u00a0\u00bbdefault\u00a0\u00bb][\/et_pb_image][et_pb_text _builder_version=\u00a0\u00bb4.9.0&Prime; _module_preset=\u00a0\u00bbdefault\u00a0\u00bb]<\/p>\n<p style=\"text-align: center;\">Livraison Fiable<\/p>\n<p>[\/et_pb_text][\/et_pb_column][et_pb_column type=\u00a0\u00bb1_4&Prime; _builder_version=\u00a0\u00bb4.9.0&Prime; _module_preset=\u00a0\u00bbdefault\u00a0\u00bb][et_pb_image src=\u00a0\u00bbhttps:\/\/www.imupro2.com\/wp-content\/uploads\/2021\/03\/logo-pay-pal-150&#215;150.jpg\u00a0\u00bb title_text=\u00a0\u00bblogo-pay-pal\u00a0\u00bb align=\u00a0\u00bbcenter\u00a0\u00bb _builder_version=\u00a0\u00bb4.9.0&Prime; _module_preset=\u00a0\u00bbdefault\u00a0\u00bb][\/et_pb_image][et_pb_text _builder_version=\u00a0\u00bb4.9.0&Prime; _module_preset=\u00a0\u00bbdefault\u00a0\u00bb min_height=\u00a0\u00bb18px\u00a0\u00bb]<\/p>\n<p style=\"text-align: center;\">Affili\u00e9 Paypal<\/p>\n<p>[\/et_pb_text][\/et_pb_column][et_pb_column type=\u00a0\u00bb1_4&Prime; _builder_version=\u00a0\u00bb4.9.0&Prime; _module_preset=\u00a0\u00bbdefault\u00a0\u00bb][et_pb_image src=\u00a0\u00bbhttps:\/\/www.imupro2.com\/wp-content\/uploads\/2021\/03\/logo-cb-150&#215;150.jpg\u00a0\u00bb title_text=\u00a0\u00bblogo-cb\u00a0\u00bb align=\u00a0\u00bbcenter\u00a0\u00bb _builder_version=\u00a0\u00bb4.9.0&Prime; _module_preset=\u00a0\u00bbdefault\u00a0\u00bb][\/et_pb_image][et_pb_text _builder_version=\u00a0\u00bb4.9.0&Prime; _module_preset=\u00a0\u00bbdefault\u00a0\u00bb]<\/p>\n<p style=\"text-align: center;\">Paiement s\u00e9curis\u00e9<\/p>\n<p>[\/et_pb_text][\/et_pb_column][\/et_pb_row][\/et_pb_section]<\/p>\n","protected":false},"excerpt":{"rendered":"<p>[et_pb_section fb_built=\u00a0\u00bb1&Prime; admin_label=\u00a0\u00bbAbout\u00a0\u00bb _builder_version=\u00a0\u00bb4.9.0&Prime; background_color=\u00a0\u00bbRGBA(0,0,0,0)\u00a0\u00bb background_enable_image=\u00a0\u00bboff\u00a0\u00bb min_height=\u00a0\u00bb671px\u00a0\u00bb custom_margin=\u00a0\u00bb||-148px|||\u00a0\u00bb custom_padding=\u00a0\u00bb2px|||||\u00a0\u00bb][et_pb_row _builder_version=\u00a0\u00bb4.9.0&Prime; _module_preset=\u00a0\u00bbdefault\u00a0\u00bb min_height=\u00a0\u00bb59px\u00a0\u00bb custom_padding=\u00a0\u00bb||92px|||\u00a0\u00bb][et_pb_column type=\u00a0\u00bb4_4&Prime; _builder_version=\u00a0\u00bb4.9.0&Prime; _module_preset=\u00a0\u00bbdefault\u00a0\u00bb][et_pb_text _builder_version=\u00a0\u00bb4.9.0&Prime; _module_preset=\u00a0\u00bbdefault\u00a0\u00bb custom_margin=\u00a0\u00bb39px||-24px|||\u00a0\u00bb hover_enabled=\u00a0\u00bb0&Prime; sticky_enabled=\u00a0\u00bb0&Prime; min_height=\u00a0\u00bb148px\u00a0\u00bb] BOOSTEZ VOTRE SYSTEME IMMUNITAIRE AVEC IMUPRO-2 N&rsquo;attendez plus, commandez votre cure de un ou deux mois et boostez votre syst\u00e8me immunitaire avec IMUPRO-2 Commandez en toute confiance sur notre boutique s\u00e9curis\u00e9e [\/et_pb_text][et_pb_text _builder_version=\u00a0\u00bb4.9.0&Prime; [&hellip;]<\/p>\n","protected":false},"author":1,"featured_media":0,"parent":0,"menu_order":0,"comment_status":"closed","ping_status":"closed","template":"","meta":{"_et_pb_use_builder":"on","_et_pb_old_content":"","_et_gb_content_width":""},"yoast_head":"<!-- This site is optimized with the Yoast SEO plugin v15.8 - https:\/\/yoast.com\/wordpress\/plugins\/seo\/ -->\n<title>IMUPRO-2 BOUTIQUE - IMUPRO-2 - Boostez votre syst\u00e8me immunitaire<\/title>\n<meta name=\"robots\" content=\"index, follow, max-snippet:-1, max-image-preview:large, max-video-preview:-1\" \/>\n<link rel=\"canonical\" href=\"https:\/\/www.imupro2.com\/index.php\/boutique\/\" \/>\n<meta property=\"og:locale\" content=\"fr_FR\" \/>\n<meta property=\"og:type\" content=\"article\" \/>\n<meta property=\"og:title\" content=\"IMUPRO-2 BOUTIQUE - IMUPRO-2 - Boostez votre syst\u00e8me immunitaire\" \/>\n<meta property=\"og:description\" content=\"[et_pb_section fb_built=\u00a0\u00bb1&Prime; admin_label=\u00a0\u00bbAbout\u00a0\u00bb _builder_version=\u00a0\u00bb4.9.0&Prime; background_color=\u00a0\u00bbRGBA(0,0,0,0)\u00a0\u00bb background_enable_image=\u00a0\u00bboff\u00a0\u00bb min_height=\u00a0\u00bb671px\u00a0\u00bb custom_margin=\u00a0\u00bb||-148px|||\u00a0\u00bb custom_padding=\u00a0\u00bb2px|||||\u00a0\u00bb][et_pb_row _builder_version=\u00a0\u00bb4.9.0&Prime; _module_preset=\u00a0\u00bbdefault\u00a0\u00bb min_height=\u00a0\u00bb59px\u00a0\u00bb custom_padding=\u00a0\u00bb||92px|||\u00a0\u00bb][et_pb_column type=\u00a0\u00bb4_4&Prime; _builder_version=\u00a0\u00bb4.9.0&Prime; _module_preset=\u00a0\u00bbdefault\u00a0\u00bb][et_pb_text _builder_version=\u00a0\u00bb4.9.0&Prime; _module_preset=\u00a0\u00bbdefault\u00a0\u00bb custom_margin=\u00a0\u00bb39px||-24px|||\u00a0\u00bb hover_enabled=\u00a0\u00bb0&Prime; sticky_enabled=\u00a0\u00bb0&Prime; min_height=\u00a0\u00bb148px\u00a0\u00bb] BOOSTEZ VOTRE SYSTEME IMMUNITAIRE AVEC IMUPRO-2 N&rsquo;attendez plus, commandez votre cure de un ou deux mois et boostez votre syst\u00e8me immunitaire avec IMUPRO-2 Commandez en toute confiance sur notre boutique s\u00e9curis\u00e9e [\/et_pb_text][et_pb_text _builder_version=\u00a0\u00bb4.9.0&Prime; [&hellip;]\" \/>\n<meta property=\"og:url\" content=\"https:\/\/www.imupro2.com\/index.php\/boutique\/\" \/>\n<meta property=\"og:site_name\" content=\"IMUPRO-2 - Boostez votre syst\u00e8me immunitaire\" \/>\n<meta property=\"article:modified_time\" content=\"2021-03-23T07:35:19+00:00\" \/>\n<meta name=\"twitter:card\" content=\"summary_large_image\" \/>\n<script type=\"application\/ld+json\" class=\"yoast-schema-graph\">{\"@context\":\"https:\/\/schema.org\",\"@graph\":[{\"@type\":\"WebSite\",\"@id\":\"https:\/\/www.imupro2.com\/#website\",\"url\":\"https:\/\/www.imupro2.com\/\",\"name\":\"IMUPRO-2 - Boostez votre syst\\u00e8me immunitaire\",\"description\":\"Compl\\u00e9ment alimentaire \\u00e0 base de propolis, plantes, pr\\u00eale, ginseng Sib\\u00e9rien, vitamine D3, vitamine C et ferments lactiques.\",\"potentialAction\":[{\"@type\":\"SearchAction\",\"target\":\"https:\/\/www.imupro2.com\/?s={search_term_string}\",\"query-input\":\"required name=search_term_string\"}],\"inLanguage\":\"fr-FR\"},{\"@type\":\"WebPage\",\"@id\":\"https:\/\/www.imupro2.com\/index.php\/boutique\/#webpage\",\"url\":\"https:\/\/www.imupro2.com\/index.php\/boutique\/\",\"name\":\"IMUPRO-2 BOUTIQUE - IMUPRO-2 - Boostez votre syst\\u00e8me immunitaire\",\"isPartOf\":{\"@id\":\"https:\/\/www.imupro2.com\/#website\"},\"datePublished\":\"2021-02-23T13:52:19+00:00\",\"dateModified\":\"2021-03-23T07:35:19+00:00\",\"breadcrumb\":{\"@id\":\"https:\/\/www.imupro2.com\/index.php\/boutique\/#breadcrumb\"},\"inLanguage\":\"fr-FR\",\"potentialAction\":[{\"@type\":\"ReadAction\",\"target\":[\"https:\/\/www.imupro2.com\/index.php\/boutique\/\"]}]},{\"@type\":\"BreadcrumbList\",\"@id\":\"https:\/\/www.imupro2.com\/index.php\/boutique\/#breadcrumb\",\"itemListElement\":[{\"@type\":\"ListItem\",\"position\":1,\"item\":{\"@type\":\"WebPage\",\"@id\":\"https:\/\/www.imupro2.com\/\",\"url\":\"https:\/\/www.imupro2.com\/\",\"name\":\"Accueil\"}},{\"@type\":\"ListItem\",\"position\":2,\"item\":{\"@type\":\"WebPage\",\"@id\":\"https:\/\/www.imupro2.com\/index.php\/boutique\/\",\"url\":\"https:\/\/www.imupro2.com\/index.php\/boutique\/\",\"name\":\"IMUPRO-2 BOUTIQUE\"}}]}]}<\/script>\n<!-- \/ Yoast SEO plugin. -->","_links":{"self":[{"href":"https:\/\/www.imupro2.com\/index.php\/wp-json\/wp\/v2\/pages\/213"}],"collection":[{"href":"https:\/\/www.imupro2.com\/index.php\/wp-json\/wp\/v2\/pages"}],"about":[{"href":"https:\/\/www.imupro2.com\/index.php\/wp-json\/wp\/v2\/types\/page"}],"author":[{"embeddable":true,"href":"https:\/\/www.imupro2.com\/index.php\/wp-json\/wp\/v2\/users\/1"}],"replies":[{"embeddable":true,"href":"https:\/\/www.imupro2.com\/index.php\/wp-json\/wp\/v2\/comments?post=213"}],"version-history":[{"count":8,"href":"https:\/\/www.imupro2.com\/index.php\/wp-json\/wp\/v2\/pages\/213\/revisions"}],"predecessor-version":[{"id":400,"href":"https:\/\/www.imupro2.com\/index.php\/wp-json\/wp\/v2\/pages\/213\/revisions\/400"}],"wp:attachment":[{"href":"https:\/\/www.imupro2.com\/index.php\/wp-json\/wp\/v2\/media?parent=213"}],"curies":[{"name":"wp","href":"https:\/\/api.w.org\/{rel}","templated":true}]}}